{"id":1372,"date":"2025-11-01T18:57:26","date_gmt":"2025-11-01T17:57:26","guid":{"rendered":"https:\/\/thg-podcast.de\/?post_type=product&#038;p=1372"},"modified":"2025-11-02T17:53:32","modified_gmt":"2025-11-02T16:53:32","slug":"anmeldung-orchesterfreizeit-2026","status":"publish","type":"product","link":"https:\/\/thg-podcast.de\/?product=anmeldung-orchesterfreizeit-2026","title":{"rendered":"Anmeldung Orchesterfreizeit 2026"},"content":{"rendered":"<p>Liebe Eltern, liebe Sch\u00fclerinnen und Sch\u00fcler des Orchesters,<\/p>\n<p>die Orchesterfreizeit dieses Schuljahres wird Anfang Februar und mit zwei \u00dcbernachtungen stattfinden, und zwar in der Zeit vom Do, 05. \u2013 Sa, 07. Feburar 2026 in unserer angestammten Jugendherberge in Murrhardt.<\/p>\n<p><strong>Orchesterfreizeit: Donnerstag, 05. Februar 2026 bis Samstag, 07. Februar 2026<\/strong><\/p>\n<p>Wir fahren am Donnerstag mit dem Bus um 8.30 Uhr am THG ab und werden am Samstag voraussichtlich gegen 14.00 Uhr zur\u00fcckkehren.<\/p>\n<p><em>Da uns der F\u00f6rderverein des THG auch in diesem Jahr gro\u00dfz\u00fcgig unterst\u00fctzt und einen Teil der entstehenden Kosten \u00fcbernimmt, betragen die Kosten in diesem Jahr <strong>\u20ac 76,00<\/strong>\u00a0pro Kind.<br \/>\nHerzlichen Dank daf\u00fcr!\u00a0<\/em><\/p>\n","protected":false},"excerpt":{"rendered":"<p>Liebe Eltern, liebe Sch\u00fclerinnen und Sch\u00fcler des Orchesters, die Orchesterfreizeit dieses Schuljahres wird Anfang Februar und mit zwei \u00dcbernachtungen stattfinden, und zwar in der Zeit vom Do, 05. \u2013 Sa, 07. Feburar 2026 in unserer angestammten Jugendherberge in Murrhardt. Orchesterfreizeit: Donnerstag, 05. Februar 2026 bis Samstag, 07. Februar 2026 Wir fahren am Donnerstag mit dem&#8230;<\/p>\n","protected":false},"featured_media":1376,"template":"","meta":[],"product_brand":[],"product_cat":[104],"product_tag":[105],"class_list":{"0":"post-1372","1":"product","2":"type-product","3":"status-publish","4":"has-post-thumbnail","6":"product_cat-exkursion","7":"product_tag-orchesterfreizeit","9":"first","10":"instock","11":"featured","12":"sold-individually","13":"shipping-taxable","14":"purchasable","15":"product-type-variable"},"jetpack_sharing_enabled":true,"_links":{"self":[{"href":"https:\/\/thg-podcast.de\/index.php?rest_route=\/wp\/v2\/product\/1372","targetHints":{"allow":["GET"]}}],"collection":[{"href":"https:\/\/thg-podcast.de\/index.php?rest_route=\/wp\/v2\/product"}],"about":[{"href":"https:\/\/thg-podcast.de\/index.php?rest_route=\/wp\/v2\/types\/product"}],"wp:featuredmedia":[{"embeddable":true,"href":"https:\/\/thg-podcast.de\/index.php?rest_route=\/wp\/v2\/media\/1376"}],"wp:attachment":[{"href":"https:\/\/thg-podcast.de\/index.php?rest_route=%2Fwp%2Fv2%2Fmedia&parent=1372"}],"wp:term":[{"taxonomy":"product_brand","embeddable":true,"href":"https:\/\/thg-podcast.de\/index.php?rest_route=%2Fwp%2Fv2%2Fproduct_brand&post=1372"},{"taxonomy":"product_cat","embeddable":true,"href":"https:\/\/thg-podcast.de\/index.php?rest_route=%2Fwp%2Fv2%2Fproduct_cat&post=1372"},{"taxonomy":"product_tag","embeddable":true,"href":"https:\/\/thg-podcast.de\/index.php?rest_route=%2Fwp%2Fv2%2Fproduct_tag&post=1372"}],"curies":[{"name":"wp","href":"https:\/\/api.w.org\/{rel}","templated":true}]}}