{"id":47,"date":"2022-10-08T12:15:04","date_gmt":"2022-10-08T12:15:04","guid":{"rendered":"https:\/\/thg-podcast.de\/?page_id=47"},"modified":"2022-10-08T12:15:58","modified_gmt":"2022-10-08T12:15:58","slug":"datenschutz","status":"publish","type":"page","link":"https:\/\/thg-podcast.de\/?page_id=47","title":{"rendered":"Datenschutz"},"content":{"rendered":"\n<h1 class=\"wp-block-heading\">Datenschutzerkl\u00e4rung<\/h1>\n\n\n\n<h3 class=\"wp-block-heading\"><strong>Allgemeine Hinweise<\/strong><\/h3>\n\n\n\n<p>Die folgenden Hinweise geben einen einfachen \u00dcberblick dar\u00fcber, was mit Ihren personenbezogenen Daten passiert, wenn Sie unsere Website besuchen. Personenbezogene Daten sind alle Daten, mit denen Sie pers\u00f6nlich identifiziert werden k\u00f6nnen. Ausf\u00fchrliche Informationen zum Thema Datenschutz entnehmen Sie unserer unter diesem Text aufgef\u00fchrten Datenschutzerkl\u00e4rung.&nbsp;&nbsp;<\/p>\n\n\n\n<h3 class=\"wp-block-heading\"><br><strong>Datenschutzerkl\u00e4rung<\/strong><\/h3>\n\n\n\n<h4 class=\"wp-block-heading\"><strong>1. Verantwortlicher und Datenschutzbeauftragter<\/strong><\/h4>\n\n\n\n<p><strong>1.1<\/strong>&nbsp;Verantwortlicher gem. Art. 4 Abs. 7 EU-Datenschutz-Grundverordnung (EU-DSGVO) ist<\/p>\n\n\n\n<p>Frank Martin Beck<br>Theodor-Heuss-Gymnasium Heilbronn<br>Gymnasiumstr. 70<br>74072 Heilbronn<br>Telefon: +49 7131 \u2013 562451<br>Telefax: +49 7131 \u2013 562416<br>E-Mail:&nbsp;<a href=\"mailto:thg@mail.thg-heilbronn.de\">thg@mail.thg-heilbronn.de<\/a><br>Internet:&nbsp;<a href=\"https:\/\/www.thg-heilbronn.de\/\">https:\/\/www.thg-heilbronn.de<\/a><br>(siehe unser&nbsp;<a href=\"https:\/\/thg-heilbronn.de\/index.php\/kontakt\/impressum\">Impressum<\/a>).<\/p>\n\n\n\n<p><strong>1.2<\/strong>&nbsp;Unseren Datenschutzbeauftragten Herrn Steffen Reichert erreichen Sie im Regierungspr\u00e4sidium Stuttgart, Abteilung 7, Postfach 103642, 70031 Stuttgart, unter Telefon +49 711 \u2013 904-0 (zu den \u00fcblichen B\u00fcrozeiten) oder per Mail unter&nbsp;<a href=\"mailto:steffen.reichert@rps.bwl.de\">steffen.reichert@rps.bwl.de<\/a>.<\/p>\n\n\n\n<h4 class=\"wp-block-heading\"><strong>2. Information \u00fcber die Erhebung personenbezogener Daten, Speicherdauer<\/strong><\/h4>\n\n\n\n<p><strong>2.1<\/strong>&nbsp;Im Folgenden informieren wir \u00fcber die Erhebung personenbezogener Daten bei Nutzung unserer Website. Personenbezogene Daten sind alle Daten, die auf Sie pers\u00f6nlich beziehbar sind, z. B. Name, Adresse, E-Mail-Adressen, Nutzerverhalten.<\/p>\n\n\n\n<p><strong>2.2<\/strong>&nbsp;Bei Ihrer Kontaktaufnahme mit uns per E-Mail oder \u00fcber ein Kontaktformular werden die von Ihnen mitgeteilten Daten (Ihre E-Mail-Adresse, ggf. Ihr Name und Ihre Telefonnummer) von uns gespeichert, um Ihre Fragen zu beantworten. Die in diesem Zusammenhang anfallenden Daten l\u00f6schen wir, nachdem die Speicherung nicht mehr erforderlich ist, oder schr\u00e4nken die Verarbeitung ein, falls gesetzliche Aufbewahrungspflichten bestehen.<\/p>\n\n\n\n<p><strong>2.3<\/strong>&nbsp;Falls wir f\u00fcr einzelne Funktionen unseres Angebots auf beauftragte Dienstleister zur\u00fcckgreifen oder Ihre Daten f\u00fcr werbliche Zwecke nutzen m\u00f6chten, werden wir Sie untenstehend im Detail \u00fcber die jeweiligen Vorg\u00e4nge informieren. Dabei nennen wir auch die festgelegten Kriterien der Speicherdauer.<\/p>\n\n\n\n<h4 class=\"wp-block-heading\"><strong>3. Ihre Rechte<\/strong><\/h4>\n\n\n\n<p><strong>3.1<\/strong>&nbsp;Sie haben gegen\u00fcber uns folgende Rechte hinsichtlich der Sie betreffenden personenbezogenen Daten:<\/p>\n\n\n\n<ul class=\"wp-block-list\"><li>Recht auf Auskunft (z.B. welche Daten werden von der speichernden Stelle erhoben),<\/li><li>Recht auf Berichtigung oder L\u00f6schung,<\/li><li>Recht auf Einschr\u00e4nkung der Verarbeitung,<\/li><li><strong>Recht auf Widerspruch gegen die Verarbeitung,<\/strong><\/li><li>Recht auf Daten\u00fcbertragbarkeit.<br><\/li><\/ul>\n\n\n\n<p><strong>3.2<\/strong>&nbsp;Sie haben zudem das Recht, sich bei einer Datenschutz-Aufsichtsbeh\u00f6rde \u00fcber die Verarbeitung Ihrer personenbezogenen Daten durch uns zu&nbsp;<strong>beschweren<\/strong>. Die Datenschutzaufsichtsbeh\u00f6rde ist der Landesbeauftragte f\u00fcr den Datenschutz und die Informationsfreiheit (LfDI), K\u00f6nigstrasse 10a, 70173 Stuttgart.<\/p>\n\n\n\n<p><strong>3.3<\/strong>&nbsp;Werden personenbezogene Daten an ein Drittland oder an eine internationale Organisation \u00fcbermittelt, so haben Sie das Recht, \u00fcber die geeigneten Garantien gem\u00e4\u00df Art. 46 EU-DSGVO im Zusammenhang mit der \u00dcbermittlung unterrichtet zu werden.<\/p>\n\n\n\n<h4 class=\"wp-block-heading\"><strong>4. Erhebung und Zweck personenbezogener Daten bei Besuch unserer Website<\/strong><\/h4>\n\n\n\n<p><strong>4.1<\/strong>&nbsp;Bei der lediglich informatorischen Nutzung der Website, also wenn Sie sich nicht registrieren oder uns anderweitig Informationen \u00fcbermitteln, erheben wir nur die personenbezogenen Daten, die Ihr Browser an unseren Server \u00fcbermittelt. Wenn Sie unsere Website betrachten m\u00f6chten, werden die folgenden Daten erhoben, die f\u00fcr das BelW\u00fc als Betreiber des Webservers und uns technisch erforderlich sind, um Ihnen unsere Website anzuzeigen und die Stabilit\u00e4t und Sicherheit zu gew\u00e4hrleisten (Rechtsgrundlage ist Art. 6 Abs. 1 S. 1 lit. f EU-DSGVO):<\/p>\n\n\n\n<p>Strato als Betreiber des Webservers&nbsp;(im Sinne der Auftragsdatenverarbeitung) erfasst folgende Daten:<\/p>\n\n\n\n<ul class=\"wp-block-list\"><li>Datum und Uhrzeit des Zugriffs<\/li><li>Vollst\u00e4ndige IP-Adresse des zugreifenden Ger\u00e4ts<\/li><li>abgerufene Datei oder Funktion mit Abrufmethode (GET oder POST)<\/li><li>verwendetes Protokoll<\/li><li>Ergebnis des Abrufs (HTTP Status)<\/li><li>Zahl der \u00fcbertragenen Bytes<\/li><li>Im Error-Logfile noch zus\u00e4tzlich den aufgetretenen Fehler<\/li><\/ul>\n\n\n\n<p>Diese Daten werden von Strato 14 Tage lang aufgehoben.&nbsp;Uns als Schule werden anonymisierte Logfiles zur Verf\u00fcgung gestellt, in denen die IP-Adresse im letzten Byte auf 0 gesetzt wurde, ansonsten umfasst es dieselben Daten wie die Logfiles, die nur das Strato als Betreiber sieht. Diese anonymisierten Logfiles werden 4 Tage lang aufgehoben.<\/p>\n\n\n\n<p><strong>4.2<\/strong>&nbsp;Zus\u00e4tzlich zu den zuvor genannten Daten werden bei Ihrer Nutzung unserer Website Cookies auf Ihrem Rechner gespeichert. Bei Cookies handelt es sich um kleine Textdateien, die auf Ihrer Festplatte dem von Ihnen verwendeten Browser zugeordnet gespeichert werden und durch welche der Stelle, die den Cookie setzt (hier durch uns), bestimmte Informationen zuflie\u00dfen. Cookies k\u00f6nnen keine Programme ausf\u00fchren oder Viren auf Ihren Computer \u00fcbertragen. Sie dienen dazu, das Internetangebot insgesamt nutzerfreundlicher und effektiver zu machen.<\/p>\n\n\n\n<h4 class=\"wp-block-heading\"><strong>4.3<\/strong>&nbsp;<strong>Einsatz von Cookies<\/strong><\/h4>\n\n\n\n<p>Diese Website nutzt folgende Arten von Cookies, deren Umfang und Funktionsweise im Folgenden erl\u00e4utert werden:<\/p>\n\n\n\n<p>Transiente Cookies werden automatisiert gel\u00f6scht, wenn Sie den Browser schlie\u00dfen. Dazu z\u00e4hlen insbesondere die Session-Cookies. Diese speichern eine sogenannte Session-ID, mit welcher sich verschiedene Anfragen Ihres Browsers der gemeinsamen Sitzung zuordnen lassen. Dadurch kann Ihr Rechner wiedererkannt werden, wenn Sie auf unsere Website zur\u00fcckkehren. Damit werden Einstellungen und Stati gespeichert. Die Session-Cookies werden gel\u00f6scht, wenn Sie den Browser schlie\u00dfen.<\/p>\n\n\n\n<p>Persistente Cookies werden automatisiert nach einer vorgegebenen Dauer gel\u00f6scht, die sich je nach Cookie unterscheiden kann. Sie k\u00f6nnen die Cookies in den Sicherheitseinstellungen Ihres Browsers jederzeit l\u00f6schen.<\/p>\n\n\n\n<p>Bitte beachten Sie, dass Sie grunds\u00e4tzlich Browser so konfigurieren k\u00f6nnen, dass Sie \u00fcber das Setzen von Cookies informiert werden und einzeln \u00fcber deren Annahme entscheiden oder die Annahme von Cookies f\u00fcr bestimmte F\u00e4lle oder generell ausschlie\u00dfen k\u00f6nnen. Jeder Browser unterscheidet sich allerdings in der Art, wie die Cookie-Einstellungen verwaltet werden. Im Hilfemen\u00fc jedes Browsers finden Sie, wie Sie diese Cookie-Einstellungen \u00e4ndern k\u00f6nnen. F\u00fcr die jeweiligen am weitesten verbreiteten Browser k\u00f6nnen Sie dazu auch unter den folgenden Links Hilfe erhalten:<\/p>\n\n\n\n<p>Internet Explorer:&nbsp;<a href=\"http:\/\/windows.microsoft.com\/de-DE\/windows-vista\/Block-or-allow-cookies\">http:\/\/windows.microsoft.com\/de-DE\/windows-vista\/Block-or-allow-cookies<\/a><br>Firefox:&nbsp;<a href=\"https:\/\/support.mozilla.org\/de\/kb\/cookies-erlauben-und-ablehnen\">https:\/\/support.mozilla.org\/de\/kb\/cookies-erlauben-und-ablehnen<\/a><br>Chrome:&nbsp;<a href=\"http:\/\/support.google.com\/chrome\/bin\/answer.py?hl=de&amp;hlrm=en&amp;answer=95647\">http:\/\/support.google.com\/chrome\/bin\/answer.py?hl=de&amp;hlrm=en&amp;answer=95647<\/a><br>Safari:&nbsp;<a href=\"https:\/\/support.apple.com\/kb\/ph21411?locale=de_DE\">https:\/\/support.apple.com\/kb\/ph21411?locale=de_DE<\/a><br>Opera:&nbsp;<a href=\"http:\/\/help.opera.com\/Windows\/10.20\/de\/cookies.html\">http:\/\/help.opera.com\/Windows\/10.20\/de\/cookies.html<\/a><\/p>\n\n\n\n<p>Konkrete Beispiele, wie Sie Ihre Browser-Einstellungen entsprechend Ihren W\u00fcnschen konfigurieren und z. B. die Annahme von Third-Party-Cookies oder allen Cookies ablehnen, Cookies l\u00f6schen etc. k\u00f6nnen finden Sie im Folgenden.<\/p>\n\n\n\n<p>F\u00fcr Chrome-Browser ab Version 66.0 beispielsweise gehen Sie dazu unter&nbsp;<a href=\"chrome:\/\/settings\/siteData\">Cookies anzeigen<\/a>&nbsp;bzw.&nbsp;<a href=\"chrome:\/\/settings\/content\/cookies?search=cookies\">Cookie-Einstellungen<\/a>.<\/p>\n\n\n\n<p>F\u00fcr den Firefox-Browser ab Version 60.0.1. beispielsweise k\u00f6nnen Sie die Einstellungen f\u00fcr Cookies in den&nbsp;<a href=\"about:preferences#privacy\">Sicherheits-Einstellungen&nbsp;<\/a>&nbsp;\u00e4ndern.<\/p>\n\n\n\n<h4 class=\"wp-block-heading\">4.2.1 Cookies, die von uns gespeichert werden<\/h4>\n\n\n\n<p>Mittels unserer Cookie-Richtlinie k\u00f6nnen Sie der Verwendung von Cookies zustimmen oder diese ablehnen. Dabei wird Ihre Zustimmung oder Ablehnung gem\u00e4\u00df den rechtlichen Bestimmungen mittels eines Cookies protokolliert und bis zur n\u00e4chsten Zustimmung oder Ablehnung aufbewahrt (365 Tage). Gem\u00e4\u00df dem vorangegangenen Abschnitt k\u00f6nnen Sie den gesetzten Cookie auch manuell l\u00f6schen.<\/p>\n\n\n\n<p>Folgende Cookies werden bei Ihrer Zustimmung gespeichert<\/p>\n\n\n\n<figure class=\"wp-block-table\"><table><tbody><tr><td>Cookie Name<\/td><td>Domain<\/td><td>Beschreibung<\/td><\/tr><tr><td>joomla_user_state<\/td><td>.thg-heilbronn.de<\/td><td>Session Cookie. Speichert, den Status eines eingeloggten Users.<\/td><\/tr><tr><td>wf_imgmanager_ext_dir<\/td><td>.thg-heilbronn.de<\/td><td>Session Cookie. Speichert Status des Image-Manager.<\/td><\/tr><tr><td>joomla_remember_me_<\/td><td>.thg-heilbronn.de<\/td><td>Speichert f\u00fcr einen Monat den Status bez\u00fcglich des Logins (remember me).<\/td><\/tr><tr><td>wf_visualblocks_state<\/td><td>.thg-heilbronn.de<\/td><td>Session Cookie. Speichert Status bei Bearbeitung eines Artikels aus dem Frontend.<\/td><\/tr><tr><td>NID<\/td><td>.google.com<\/td><td>Cookie, welches f\u00fcr reCapcha verwendet wird und f\u00fcr max. 6 Monate gespeichert wird.<\/td><\/tr><tr><td>YSC<\/td><td>.youtube.com<\/td><td>Session Cookie f\u00fcr eingebettete Youtube-Inhalte<\/td><\/tr><tr><td>VISITOR_INFO1_LIVE<\/td><td>.youtube.com<\/td><td>Speichert f\u00fcr ein halbes Jahr User-Infos des youtube verwendenden Users<\/td><\/tr><tr><td>PREF<\/td><td>.youtube.com<\/td><td>Speichert f\u00fcr zwei Jahre Voreinstellungen von Youtube bei auf der Website eingebetteten Youtube.Inhalten.<\/td><\/tr><tr><td>GPS<\/td><td>.youtube.com<\/td><td>Speichert f\u00fcr 30 Minuten GPS-Informationen des Users, wenn auf der Website Youtube-Inhalte eingebettet sind.<\/td><\/tr><tr><td>CONSENT<\/td><td>.youtube.com<\/td><td>CONSENT-Cookie, welches f\u00fcr 10 Jahre speichert, ob man mit den Nutzungsbedingungen von Google\/Youtube\/etc. einverstanden ist.<\/td><\/tr><tr><td>wf_visualblocks_state<\/td><td>.thg-heilbronn.de<\/td><td>Session Cookie. Speichert Status bei Bearbeitung eines Artikels aus dem Backend.<\/td><\/tr><tr><td>1P_JAR<\/td><td>.gstatic.com<\/td><td>F\u00fcr den JEvents-Kalender n\u00f6tig (Bearbeiten, L\u00f6schen etc.)<\/td><\/tr><tr><td>CONSENT<\/td><td>.gstatic.com<\/td><td>F\u00fcr den JEvents-Kalender n\u00f6tig (Bearbeiten, L\u00f6schen etc.)<\/td><\/tr><tr><td>f4c0559cefe899496eae040387547439<\/td><td>.thg-heilbronn.de<\/td><td>Cookie f\u00fcr JEvents-Kalender<\/td><\/tr><tr><td>reDimCookieHint<\/td><td>.thg-heilbronn.de<\/td><td>F\u00fcr das Speichern der Zustimmung zu Cookies n\u00f6tig. Wird 365 Tage gespeichert.<\/td><\/tr><\/tbody><\/table><\/figure>\n\n\n\n<p>Wir weisen Sie darauf hin, dass Sie bei Ablehnung der Cookies nicht alle Funktionen dieser Website nutzen k\u00f6nnen.<\/p>\n\n\n\n<h4 class=\"wp-block-heading\"><strong>5.<\/strong>&nbsp;<strong>Google Web Fonts<\/strong><\/h4>\n\n\n\n<p>Diese Seite nutzt zur einheitlichen Darstellung von Schriftarten so genannte Web Fonts, die von Google bereitgestellt werden. Beim Aufruf einer Seite l\u00e4dt Ihr Browser die ben\u00f6tigten Web Fonts in ihren Browsercache, um Texte und Schriftarten korrekt anzuzeigen.<br>Zu diesem Zweck muss der von Ihnen verwendete Browser Verbindung zu den Servern von Google aufnehmen. Hierdurch erlangt Google Kenntnis dar\u00fcber, dass \u00fcber Ihre IP-Adresse unsere Website aufgerufen wurde. Die Nutzung von Google Web Fonts erfolgt im Interesse einer einheitlichen und ansprechenden Darstellung unserer Online-Angebote. Dies stellt ein berechtigtes Interesse im Sinne von Art. 6 Abs. 1 lit. f DSGVO dar.<br>Wenn Ihr Browser Web Fonts nicht unterst\u00fctzt, wird eine Standardschrift von Ihrem Computer genutzt.<br>Weitere Informationen zu Google Web Fonts finden Sie unter&nbsp;<a href=\"https:\/\/developers.google.com\/fonts\/faq\">https:\/\/developers.google.com\/fonts\/faq<\/a>&nbsp;und in der Datenschutzerkl\u00e4rung von Google:&nbsp;<a href=\"https:\/\/www.google.com\/policies\/privacy\/\">https:\/\/www.google.com\/policies\/privacy\/<\/a>.<\/p>\n\n\n\n<h4 class=\"wp-block-heading\"><strong>6. Google reCaptcha<\/strong><\/h4>\n\n\n\n<p>Wir verwenden auf unseren Seiten die reCAPTCHA Funktion von Google LLC, 1600 Amphitheatre Parkway, Mountain View, CA 94043, USA (\u201eGoogle\u201c).<br>Dies geschieht allerdings nur dann, wenn Sie Artikel der Website bearbeiten und sich dazu \u00fcber das Frontend oder das Backend eingeloggt haben oder eines unserer Kontaktformulare benutzen.<br>Die Funktion dient vor allem zur Unterscheidung, ob eine Eingabe durch eine nat\u00fcrliche Person erfolgt oder missbr\u00e4uchlich durch maschinelle und automatisierte Verarbeitung erfolgt. Der Dienst inkludiert den Versand der IP-Adresse und ggf. weiterer von Google f\u00fcr den Dienst reCAPTCHA ben\u00f6tigter Daten an Google und erfolgt gem\u00e4\u00df Art. 6 Abs. 1 lit. f DSGVO auf Basis unseres berechtigten Interesses an der Feststellung der individuellen Willensgetragenheit von Handlungen im Internet und der Vermeidung von Missbrauch und Spam.<\/p>\n\n\n\n<p>Google LLC mit Sitz in den USA ist f\u00fcr das us-europ\u00e4ische Datenschutz\u00fcbereinkommen \u201ePrivacy Shield\u201c zertifiziert, welches die Einhaltung des in der EU geltenden Datenschutzniveaus gew\u00e4hrleistet.<\/p>\n\n\n\n<p>Weiterf\u00fchrende Informationen zu Google reCAPTCHA sowie die Datenschutzerkl\u00e4rung von Google k\u00f6nnen Sie einsehen unter:&nbsp;<a href=\"https:\/\/www.google.com\/intl\/de\/policies\/privacy\/\">https:\/\/www.google.com\/intl\/de\/policies\/privacy\/<\/a><\/p>\n","protected":false},"excerpt":{"rendered":"<p>Datenschutzerkl\u00e4rung Allgemeine Hinweise Die folgenden Hinweise geben einen einfachen \u00dcberblick dar\u00fcber, was mit Ihren personenbezogenen Daten passiert, wenn Sie unsere Website besuchen. Personenbezogene Daten sind alle Daten, mit denen Sie pers\u00f6nlich identifiziert werden k\u00f6nnen. Ausf\u00fchrliche Informationen zum Thema Datenschutz entnehmen Sie unserer unter diesem Text aufgef\u00fchrten Datenschutzerkl\u00e4rung.&nbsp;&nbsp; Datenschutzerkl\u00e4rung 1. Verantwortlicher und Datenschutzbeauftragter 1.1&nbsp;Verantwortlicher gem. Art&#8230;.<\/p>\n","protected":false},"author":1,"featured_media":0,"parent":0,"menu_order":0,"comment_status":"closed","ping_status":"closed","template":"","meta":{"footnotes":""},"class_list":["post-47","page","type-page","status-publish","hentry"],"jetpack_sharing_enabled":true,"_links":{"self":[{"href":"https:\/\/thg-podcast.de\/index.php?rest_route=\/wp\/v2\/pages\/47","targetHints":{"allow":["GET"]}}],"collection":[{"href":"https:\/\/thg-podcast.de\/index.php?rest_route=\/wp\/v2\/pages"}],"about":[{"href":"https:\/\/thg-podcast.de\/index.php?rest_route=\/wp\/v2\/types\/page"}],"author":[{"embeddable":true,"href":"https:\/\/thg-podcast.de\/index.php?rest_route=\/wp\/v2\/users\/1"}],"replies":[{"embeddable":true,"href":"https:\/\/thg-podcast.de\/index.php?rest_route=%2Fwp%2Fv2%2Fcomments&post=47"}],"version-history":[{"count":0,"href":"https:\/\/thg-podcast.de\/index.php?rest_route=\/wp\/v2\/pages\/47\/revisions"}],"wp:attachment":[{"href":"https:\/\/thg-podcast.de\/index.php?rest_route=%2Fwp%2Fv2%2Fmedia&parent=47"}],"curies":[{"name":"wp","href":"https:\/\/api.w.org\/{rel}","templated":true}]}}